{"id":2,"date":"2017-09-19T18:50:23","date_gmt":"2017-09-19T16:50:23","guid":{"rendered":"http:\/\/coiffureannabelle.be\/?page_id=2"},"modified":"2018-11-06T19:41:42","modified_gmt":"2018-11-06T18:41:42","slug":"page-d-exemple","status":"publish","type":"page","link":"https:\/\/coiffureannabelle.be\/","title":{"rendered":"Salon de Coiffure Mixte"},"content":{"rendered":"<h5><strong><span style=\"color: red;\">Coiffure Annabelle<\/span><\/strong><\/h5>\n<h6>Rue Saint-Georges, 52 &#8211; 5660 Gonrieux (route Couvin &#8211; Chimay)<\/h6>\n<h6>Ouvert du mardi au samedi (sur RDV)<\/h6>\n<h6>Ferm\u00e9 le dimanche et le lundi<\/h6>\n<h6><span style=\"color: red;\">T\u00e9l: 060\/34.91.39<\/span><\/h6>\n<h6>\u00c0 votre service depuis 1997<\/h6>\n<h6>Vaste parking priv\u00e9 \u00e0 disposition de la client\u00e8le<\/h6>\n","protected":false},"excerpt":{"rendered":"<p>Coiffure Annabelle Rue Saint-Georges, 52 &#8211; 5660 Gonrieux (route Couvin &#8211; Chimay) Ouvert du mardi au samedi (sur RDV) Ferm\u00e9 le dimanche et le lundi T\u00e9l: 060\/34.91.39 \u00c0 votre service depuis 1997 Vaste parking priv\u00e9 \u00e0 disposition de la client\u00e8le<\/p>\n","protected":false},"author":1,"featured_media":0,"parent":0,"menu_order":0,"comment_status":"closed","ping_status":"open","template":"","meta":{"footnotes":""},"_links":{"self":[{"href":"https:\/\/coiffureannabelle.be\/index.php\/wp-json\/wp\/v2\/pages\/2"}],"collection":[{"href":"https:\/\/coiffureannabelle.be\/index.php\/wp-json\/wp\/v2\/pages"}],"about":[{"href":"https:\/\/coiffureannabelle.be\/index.php\/wp-json\/wp\/v2\/types\/page"}],"author":[{"embeddable":true,"href":"https:\/\/coiffureannabelle.be\/index.php\/wp-json\/wp\/v2\/users\/1"}],"replies":[{"embeddable":true,"href":"https:\/\/coiffureannabelle.be\/index.php\/wp-json\/wp\/v2\/comments?post=2"}],"version-history":[{"count":20,"href":"https:\/\/coiffureannabelle.be\/index.php\/wp-json\/wp\/v2\/pages\/2\/revisions"}],"predecessor-version":[{"id":102,"href":"https:\/\/coiffureannabelle.be\/index.php\/wp-json\/wp\/v2\/pages\/2\/revisions\/102"}],"wp:attachment":[{"href":"https:\/\/coiffureannabelle.be\/index.php\/wp-json\/wp\/v2\/media?parent=2"}],"curies":[{"name":"wp","href":"https:\/\/api.w.org\/{rel}","templated":true}]}}